{"id":186,"date":"2024-05-23T19:32:28","date_gmt":"2024-05-23T17:32:28","guid":{"rendered":"https:\/\/test.superyachtchartermallorca.com\/?page_id=186"},"modified":"2025-05-28T12:24:13","modified_gmt":"2025-05-28T10:24:13","slug":"about-us","status":"publish","type":"page","link":"https:\/\/test.superyachtchartermallorca.com\/de\/about-us\/","title":{"rendered":"Unser Team"},"content":{"rendered":"\t\t<div data-elementor-type=\"wp-page\" data-elementor-id=\"186\" class=\"elementor elementor-186 elementor-126\" data-elementor-post-type=\"page\">\n\t\t\t\t<div class=\"elementor-element elementor-element-52c8bca e-con-full e-flex e-con e-parent\" data-id=\"52c8bca\" data-element_type=\"container\" data-settings=\"{&quot;background_background&quot;:&quot;classic&quot;}\">\n\t\t\t\t<div class=\"elementor-element elementor-element-ff8820c elementor-widget elementor-widget-image\" data-id=\"ff8820c\" data-element_type=\"widget\" data-widget_type=\"image.default\">\n\t\t\t\t<div class=\"elementor-widget-container\">\n\t\t\t\t\t\t\t\t\t\t\t\t\t\t\t<img fetchpriority=\"high\" decoding=\"async\" width=\"2560\" height=\"1991\" src=\"https:\/\/test.superyachtchartermallorca.com\/wp-content\/uploads\/sites\/2\/2025\/01\/puerto-mallorca-scaled-1.jpg\" class=\"attachment-full size-full wp-image-2022\" alt=\"Puerto de Mallorca con palmeras y yates de lujo amarrados\" srcset=\"https:\/\/test.superyachtchartermallorca.com\/wp-content\/uploads\/sites\/2\/2025\/01\/puerto-mallorca-scaled-1.jpg 2560w, https:\/\/test.superyachtchartermallorca.com\/wp-content\/uploads\/sites\/2\/2025\/01\/puerto-mallorca-scaled-1-992x772.jpg 992w, https:\/\/test.superyachtchartermallorca.com\/wp-content\/uploads\/sites\/2\/2025\/01\/puerto-mallorca-scaled-1-1543x1200.jpg 1543w, https:\/\/test.superyachtchartermallorca.com\/wp-content\/uploads\/sites\/2\/2025\/01\/puerto-mallorca-scaled-1-576x448.jpg 576w, https:\/\/test.superyachtchartermallorca.com\/wp-content\/uploads\/sites\/2\/2025\/01\/puerto-mallorca-scaled-1-768x597.jpg 768w, https:\/\/test.superyachtchartermallorca.com\/wp-content\/uploads\/sites\/2\/2025\/01\/puerto-mallorca-scaled-1-1536x1195.jpg 1536w, https:\/\/test.superyachtchartermallorca.com\/wp-content\/uploads\/sites\/2\/2025\/01\/puerto-mallorca-scaled-1-2048x1593.jpg 2048w, https:\/\/test.superyachtchartermallorca.com\/wp-content\/uploads\/sites\/2\/2025\/01\/puerto-mallorca-scaled-1-1900x1478.jpg 1900w\" sizes=\"(max-width: 2560px) 100vw, 2560px\" \/>\t\t\t\t\t\t\t\t\t\t\t\t\t\t\t<\/div>\n\t\t\t\t<\/div>\n\t\t<div class=\"elementor-element elementor-element-468715d e-flex e-con-boxed e-con e-child\" data-id=\"468715d\" data-element_type=\"container\" data-settings=\"{&quot;position&quot;:&quot;absolute&quot;}\">\n\t\t\t\t\t<div class=\"e-con-inner\">\n\t\t\t\t<div class=\"elementor-element elementor-element-99b0884 elementor-widget__width-initial elementor-widget elementor-widget-heading\" data-id=\"99b0884\" data-element_type=\"widget\" data-widget_type=\"heading.default\">\n\t\t\t\t<div class=\"elementor-widget-container\">\n\t\t\t\t\t<h1 class=\"elementor-heading-title elementor-size-default\">Unser Team<\/h1>\t\t\t\t<\/div>\n\t\t\t\t<\/div>\n\t\t\t\t<div class=\"elementor-element elementor-element-55a8d71 elementor-widget__width-initial elementor-widget elementor-widget-text-editor\" data-id=\"55a8d71\" data-element_type=\"widget\" data-widget_type=\"text-editor.default\">\n\t\t\t\t<div class=\"elementor-widget-container\">\n\t\t\t\t\t\t\t\t\t<p><span data-sheets-root=\"1\" data-sheets-value=\"{&quot;1&quot;:2,&quot;2&quot;:&quot;Jeder ein Spezialist auf seinem Gebiet. Lernen Sie unser Team kennen, das jahrelanges Fachwissen vereint, um jeden Yachtcharter au\u00dfergew\u00f6hnlich zu machen.&quot;}\" data-sheets-userformat=\"{&quot;2&quot;:9213,&quot;3&quot;:{&quot;1&quot;:0},&quot;5&quot;:{&quot;1&quot;:[{&quot;1&quot;:2,&quot;2&quot;:0,&quot;5&quot;:{&quot;1&quot;:2,&quot;2&quot;:0}},{&quot;1&quot;:0,&quot;2&quot;:0,&quot;3&quot;:3},{&quot;1&quot;:1,&quot;2&quot;:0,&quot;4&quot;:1}]},&quot;6&quot;:{&quot;1&quot;:[{&quot;1&quot;:2,&quot;2&quot;:0,&quot;5&quot;:{&quot;1&quot;:2,&quot;2&quot;:0}},{&quot;1&quot;:0,&quot;2&quot;:0,&quot;3&quot;:3},{&quot;1&quot;:1,&quot;2&quot;:0,&quot;4&quot;:1}]},&quot;7&quot;:{&quot;1&quot;:[{&quot;1&quot;:2,&quot;2&quot;:0,&quot;5&quot;:{&quot;1&quot;:2,&quot;2&quot;:0}},{&quot;1&quot;:0,&quot;2&quot;:0,&quot;3&quot;:3},{&quot;1&quot;:1,&quot;2&quot;:0,&quot;4&quot;:1}]},&quot;8&quot;:{&quot;1&quot;:[{&quot;1&quot;:2,&quot;2&quot;:0,&quot;5&quot;:{&quot;1&quot;:2,&quot;2&quot;:0}},{&quot;1&quot;:0,&quot;2&quot;:0,&quot;3&quot;:3},{&quot;1&quot;:1,&quot;2&quot;:0,&quot;4&quot;:3}]},&quot;9&quot;:1,&quot;10&quot;:1,&quot;11&quot;:4,&quot;12&quot;:0,&quot;16&quot;:10}\">Jeder ein Spezialist auf seinem Gebiet. Lernen Sie unser Team kennen, das jahrelange Erfahrung im Management von Yachtchartern und der Planung einzigartiger Erlebnisse vereint.<\/span><\/p>\t\t\t\t\t\t\t\t<\/div>\n\t\t\t\t<\/div>\n\t\t\t\t\t<\/div>\n\t\t\t\t<\/div>\n\t\t\t\t<\/div>\n\t\t<div class=\"elementor-element elementor-element-5700f56 e-con-full e-flex e-con e-parent\" data-id=\"5700f56\" data-element_type=\"container\" data-settings=\"{&quot;background_background&quot;:&quot;classic&quot;}\">\n\t\t<div class=\"elementor-element elementor-element-71c4ca1 e-con-full e-flex e-con e-child\" data-id=\"71c4ca1\" data-element_type=\"container\" data-settings=\"{&quot;background_background&quot;:&quot;classic&quot;}\">\n\t\t\t\t<div class=\"elementor-element elementor-element-516002e elementor-widget__width-initial elementor-widget-mobile__width-inherit elementor-widget elementor-widget-heading\" data-id=\"516002e\" data-element_type=\"widget\" data-widget_type=\"heading.default\">\n\t\t\t\t<div class=\"elementor-widget-container\">\n\t\t\t\t\t<h2 class=\"elementor-heading-title elementor-size-default\">Spa\u00df haben an dem was man tut, das ist der wahre Luxus<\/h2>\t\t\t\t<\/div>\n\t\t\t\t<\/div>\n\t\t\t\t<div class=\"elementor-element elementor-element-f0c84ba elementor-widget__width-initial elementor-widget-mobile__width-inherit elementor-widget elementor-widget-text-editor\" data-id=\"f0c84ba\" data-element_type=\"widget\" data-widget_type=\"text-editor.default\">\n\t\t\t\t<div class=\"elementor-widget-container\">\n\t\t\t\t\t\t\t\t\t<p><span data-sheets-root=\"1\" data-sheets-value=\"{&quot;1&quot;:2,&quot;2&quot;:&quot;Charter&amp;Dreams wurde im 2010 von zwei Unternehmern gegr\u00fcndet, die sich f\u00fcr die Welt der Yachten und des Luxus begeistern: Judith Estrella und Joan Farell. \\n\\nIhr Ziel war ganz klar: Ein Luxus-Yachtcharter-Unternehmen zu schaffen, das sich von den anderen unterscheidet, um die Freizeit und das Gl\u00fcck seiner Kunden zu managen und ihnen den besten pers\u00f6nlichen Service zu bieten, der sich um jedes Detail k\u00fcmmert. - So bauen wir eine solide Beziehung auf, die auf Vertrauen und der Garantie von Exzellenz basiert.\\n\\nCharter&amp;Dreams ist heute eine Referenz im Yachtcharter-Sektor und bietet dank seines Know-hows, seiner Exzellenz und seines Netzwerks von Verbindungen mit den besten Unternehmen des Sektors seinen Yachtcharter-Service weltweit an.&quot;}\" data-sheets-userformat=\"{&quot;2&quot;:9149,&quot;3&quot;:{&quot;1&quot;:0},&quot;5&quot;:{&quot;1&quot;:[{&quot;1&quot;:2,&quot;2&quot;:0,&quot;5&quot;:{&quot;1&quot;:2,&quot;2&quot;:0}},{&quot;1&quot;:0,&quot;2&quot;:0,&quot;3&quot;:3},{&quot;1&quot;:1,&quot;2&quot;:0,&quot;4&quot;:1}]},&quot;6&quot;:{&quot;1&quot;:[{&quot;1&quot;:2,&quot;2&quot;:0,&quot;5&quot;:{&quot;1&quot;:2,&quot;2&quot;:0}},{&quot;1&quot;:0,&quot;2&quot;:0,&quot;3&quot;:3},{&quot;1&quot;:1,&quot;2&quot;:0,&quot;4&quot;:1}]},&quot;7&quot;:{&quot;1&quot;:[{&quot;1&quot;:2,&quot;2&quot;:0,&quot;5&quot;:{&quot;1&quot;:2,&quot;2&quot;:0}},{&quot;1&quot;:0,&quot;2&quot;:0,&quot;3&quot;:3},{&quot;1&quot;:1,&quot;2&quot;:0,&quot;4&quot;:1}]},&quot;8&quot;:{&quot;1&quot;:[{&quot;1&quot;:2,&quot;2&quot;:0,&quot;5&quot;:{&quot;1&quot;:2,&quot;2&quot;:0}},{&quot;1&quot;:0,&quot;2&quot;:0,&quot;3&quot;:3},{&quot;1&quot;:1,&quot;2&quot;:0,&quot;4&quot;:3}]},&quot;10&quot;:0,&quot;11&quot;:4,&quot;12&quot;:0,&quot;16&quot;:10}\">Charter&amp;Dreams wurde im Jahr 2010 von zwei Unternehmern gegr\u00fcndet, die sich f\u00fcr die Welt der Yachten und des Luxus begeistern: Judith Estrella und Joan Farell. <\/span><\/p><p>Ihr Ziel war ganz klar: Ein Luxus-Yachtcharter-Unternehmen zu schaffen, das sich von den anderen unterscheidet, um die Freizeit und das Gl\u00fcck seiner Kunden zu managen und ihnen den besten pers\u00f6nlichen Service zu bieten, der sich um jedes Detail k\u00fcmmert. &#8211; So bauen wir eine solide Beziehung auf, die auf Vertrauen und der Garantie von Exzellenz basiert.<\/p><p>Charter&amp;Dreams ist heute eine Referenz im Yachtcharter-Sektor und bietet dank seines Know-hows, seiner Exzellenz und seines Netzwerks von Verbindungen mit den besten Unternehmen des Sektors seinen Yachtcharter-Service weltweit an.<\/p>\t\t\t\t\t\t\t\t<\/div>\n\t\t\t\t<\/div>\n\t\t\t\t<\/div>\n\t\t<div class=\"elementor-element elementor-element-c038c4c e-con-full e-flex e-con e-child\" data-id=\"c038c4c\" data-element_type=\"container\" data-settings=\"{&quot;background_background&quot;:&quot;classic&quot;}\">\n\t\t\t\t<\/div>\n\t\t\t\t<\/div>\n\t\t<div class=\"elementor-element elementor-element-19b94cf e-flex e-con-boxed e-con e-parent\" data-id=\"19b94cf\" data-element_type=\"container\">\n\t\t\t\t\t<div class=\"e-con-inner\">\n\t\t\t\t<div class=\"elementor-element elementor-element-3957210 elementor-widget elementor-widget-heading\" data-id=\"3957210\" data-element_type=\"widget\" data-widget_type=\"heading.default\">\n\t\t\t\t<div class=\"elementor-widget-container\">\n\t\t\t\t\t<h2 class=\"elementor-heading-title elementor-size-default\">Unser Team<\/h2>\t\t\t\t<\/div>\n\t\t\t\t<\/div>\n\t\t\t\t<div class=\"elementor-element elementor-element-166f726 elementor-widget elementor-widget-text-editor\" data-id=\"166f726\" data-element_type=\"widget\" data-widget_type=\"text-editor.default\">\n\t\t\t\t<div class=\"elementor-widget-container\">\n\t\t\t\t\t\t\t\t\t<p><span data-sheets-root=\"1\" data-sheets-value=\"{&quot;1&quot;:2,&quot;2&quot;:&quot;Mit jahrzehntelanger Erfahrung und erstklassigem Fachwissen arbeitet unser Team von Yachtcharter-Experten zusammen, um jedem Gast erstklassige Erlebnisse zu bieten.&quot;}\" data-sheets-userformat=\"{&quot;2&quot;:9149,&quot;3&quot;:{&quot;1&quot;:0},&quot;5&quot;:{&quot;1&quot;:[{&quot;1&quot;:2,&quot;2&quot;:0,&quot;5&quot;:{&quot;1&quot;:2,&quot;2&quot;:0}},{&quot;1&quot;:0,&quot;2&quot;:0,&quot;3&quot;:3},{&quot;1&quot;:1,&quot;2&quot;:0,&quot;4&quot;:1}]},&quot;6&quot;:{&quot;1&quot;:[{&quot;1&quot;:2,&quot;2&quot;:0,&quot;5&quot;:{&quot;1&quot;:2,&quot;2&quot;:0}},{&quot;1&quot;:0,&quot;2&quot;:0,&quot;3&quot;:3},{&quot;1&quot;:1,&quot;2&quot;:0,&quot;4&quot;:1}]},&quot;7&quot;:{&quot;1&quot;:[{&quot;1&quot;:2,&quot;2&quot;:0,&quot;5&quot;:{&quot;1&quot;:2,&quot;2&quot;:0}},{&quot;1&quot;:0,&quot;2&quot;:0,&quot;3&quot;:3},{&quot;1&quot;:1,&quot;2&quot;:0,&quot;4&quot;:1}]},&quot;8&quot;:{&quot;1&quot;:[{&quot;1&quot;:2,&quot;2&quot;:0,&quot;5&quot;:{&quot;1&quot;:2,&quot;2&quot;:0}},{&quot;1&quot;:0,&quot;2&quot;:0,&quot;3&quot;:3},{&quot;1&quot;:1,&quot;2&quot;:0,&quot;4&quot;:3}]},&quot;10&quot;:0,&quot;11&quot;:4,&quot;12&quot;:0,&quot;16&quot;:10}\">Mit jahrzehntelanger Erfahrung und erstklassigem Fachwissen arbeitet unser Team von Yachtcharter-Experten zusammen, um jedem Gast erstklassige Erlebnisse zu bieten.<\/span><\/p>\t\t\t\t\t\t\t\t<\/div>\n\t\t\t\t<\/div>\n\t\t\t\t\t<\/div>\n\t\t\t\t<\/div>\n\t\t<div class=\"elementor-element elementor-element-9ec2074 e-flex e-con-boxed e-con e-parent\" data-id=\"9ec2074\" data-element_type=\"container\">\n\t\t\t\t\t<div class=\"e-con-inner\">\n\t\t<div class=\"elementor-element elementor-element-fb07109 e-con-full e-flex e-con e-child\" data-id=\"fb07109\" data-element_type=\"container\">\n\t\t\t\t<div class=\"elementor-element elementor-element-799aa03 elementor-widget elementor-widget-image\" data-id=\"799aa03\" data-element_type=\"widget\" data-widget_type=\"image.default\">\n\t\t\t\t<div class=\"elementor-widget-container\">\n\t\t\t\t\t\t\t\t\t\t\t\t\t\t\t<img decoding=\"async\" width=\"800\" height=\"1132\" src=\"https:\/\/test.superyachtchartermallorca.com\/wp-content\/uploads\/sites\/2\/2024\/05\/Judith_Photo-3-848x1200.png\" class=\"attachment-large size-large wp-image-158\" alt=\"\" srcset=\"https:\/\/test.superyachtchartermallorca.com\/wp-content\/uploads\/sites\/2\/2024\/05\/Judith_Photo-3-848x1200.png 848w, https:\/\/test.superyachtchartermallorca.com\/wp-content\/uploads\/sites\/2\/2024\/05\/Judith_Photo-3-701x992.png 701w, https:\/\/test.superyachtchartermallorca.com\/wp-content\/uploads\/sites\/2\/2024\/05\/Judith_Photo-3-407x576.png 407w, https:\/\/test.superyachtchartermallorca.com\/wp-content\/uploads\/sites\/2\/2024\/05\/Judith_Photo-3-768x1086.png 768w, https:\/\/test.superyachtchartermallorca.com\/wp-content\/uploads\/sites\/2\/2024\/05\/Judith_Photo-3-1086x1536.png 1086w, https:\/\/test.superyachtchartermallorca.com\/wp-content\/uploads\/sites\/2\/2024\/05\/Judith_Photo-3-1448x2048.png 1448w, https:\/\/test.superyachtchartermallorca.com\/wp-content\/uploads\/sites\/2\/2024\/05\/Judith_Photo-3.png 1587w\" sizes=\"(max-width: 800px) 100vw, 800px\" \/>\t\t\t\t\t\t\t\t\t\t\t\t\t\t\t<\/div>\n\t\t\t\t<\/div>\n\t\t\t\t<div class=\"elementor-element elementor-element-dbbab2b elementor-widget-mobile__width-inherit elementor-widget elementor-widget-heading\" data-id=\"dbbab2b\" data-element_type=\"widget\" data-widget_type=\"heading.default\">\n\t\t\t\t<div class=\"elementor-widget-container\">\n\t\t\t\t\t<h3 class=\"elementor-heading-title elementor-size-default\">Judith Estrella<\/h3>\t\t\t\t<\/div>\n\t\t\t\t<\/div>\n\t\t\t\t<div class=\"elementor-element elementor-element-e73e388 elementor-widget-mobile__width-inherit elementor-widget elementor-widget-heading\" data-id=\"e73e388\" data-element_type=\"widget\" data-widget_type=\"heading.default\">\n\t\t\t\t<div class=\"elementor-widget-container\">\n\t\t\t\t\t<p class=\"elementor-heading-title elementor-size-default\">Co-Founder von Charter&amp;Dreams<\/p>\t\t\t\t<\/div>\n\t\t\t\t<\/div>\n\t\t\t\t<\/div>\n\t\t<div class=\"elementor-element elementor-element-d8c37bc e-con-full e-flex e-con e-child\" data-id=\"d8c37bc\" data-element_type=\"container\">\n\t\t\t\t<div class=\"elementor-element elementor-element-d56805d elementor-widget elementor-widget-image\" data-id=\"d56805d\" data-element_type=\"widget\" data-widget_type=\"image.default\">\n\t\t\t\t<div class=\"elementor-widget-container\">\n\t\t\t\t\t\t\t\t\t\t\t\t\t\t\t<img decoding=\"async\" width=\"800\" height=\"1132\" src=\"https:\/\/test.superyachtchartermallorca.com\/wp-content\/uploads\/sites\/2\/2024\/05\/joan_web3-848x1200.jpg\" class=\"attachment-large size-large wp-image-161\" alt=\"\" srcset=\"https:\/\/test.superyachtchartermallorca.com\/wp-content\/uploads\/sites\/2\/2024\/05\/joan_web3-848x1200.jpg 848w, https:\/\/test.superyachtchartermallorca.com\/wp-content\/uploads\/sites\/2\/2024\/05\/joan_web3-701x992.jpg 701w, https:\/\/test.superyachtchartermallorca.com\/wp-content\/uploads\/sites\/2\/2024\/05\/joan_web3-407x576.jpg 407w, https:\/\/test.superyachtchartermallorca.com\/wp-content\/uploads\/sites\/2\/2024\/05\/joan_web3-768x1086.jpg 768w, https:\/\/test.superyachtchartermallorca.com\/wp-content\/uploads\/sites\/2\/2024\/05\/joan_web3-1086x1536.jpg 1086w, https:\/\/test.superyachtchartermallorca.com\/wp-content\/uploads\/sites\/2\/2024\/05\/joan_web3-1448x2048.jpg 1448w, https:\/\/test.superyachtchartermallorca.com\/wp-content\/uploads\/sites\/2\/2024\/05\/joan_web3.jpg 1587w\" sizes=\"(max-width: 800px) 100vw, 800px\" \/>\t\t\t\t\t\t\t\t\t\t\t\t\t\t\t<\/div>\n\t\t\t\t<\/div>\n\t\t\t\t<div class=\"elementor-element elementor-element-ec05b1c elementor-widget-mobile__width-inherit elementor-widget elementor-widget-heading\" data-id=\"ec05b1c\" data-element_type=\"widget\" data-widget_type=\"heading.default\">\n\t\t\t\t<div class=\"elementor-widget-container\">\n\t\t\t\t\t<h3 class=\"elementor-heading-title elementor-size-default\">Joan Farell<\/h3>\t\t\t\t<\/div>\n\t\t\t\t<\/div>\n\t\t\t\t<div class=\"elementor-element elementor-element-2c45a82 elementor-widget-mobile__width-inherit elementor-widget elementor-widget-heading\" data-id=\"2c45a82\" data-element_type=\"widget\" data-widget_type=\"heading.default\">\n\t\t\t\t<div class=\"elementor-widget-container\">\n\t\t\t\t\t<p class=\"elementor-heading-title elementor-size-default\">Co-Founder von Charter&amp;Dreams<\/p>\t\t\t\t<\/div>\n\t\t\t\t<\/div>\n\t\t\t\t<\/div>\n\t\t\t\t\t<\/div>\n\t\t\t\t<\/div>\n\t\t<div class=\"elementor-element elementor-element-fad048e e-con-full e-flex e-con e-parent\" data-id=\"fad048e\" data-element_type=\"container\" data-settings=\"{&quot;background_background&quot;:&quot;classic&quot;}\">\n\t\t\t\t<div class=\"elementor-element elementor-element-b636723 elementor-widget__width-initial elementor-widget-mobile__width-inherit elementor-widget elementor-widget-heading\" data-id=\"b636723\" data-element_type=\"widget\" data-widget_type=\"heading.default\">\n\t\t\t\t<div class=\"elementor-widget-container\">\n\t\t\t\t\t<h2 class=\"elementor-heading-title elementor-size-default\">Sie haben noch weitere Fragen? \nNehmen Sie Kontakt mit uns auf!<\/h2>\t\t\t\t<\/div>\n\t\t\t\t<\/div>\n\t\t\t\t<div class=\"elementor-element elementor-element-63dfbeb elementor-widget elementor-widget-form\" data-id=\"63dfbeb\" data-element_type=\"widget\" data-settings=\"{&quot;step_next_label&quot;:&quot;Next&quot;,&quot;step_previous_label&quot;:&quot;Previous&quot;,&quot;button_width&quot;:&quot;100&quot;,&quot;step_type&quot;:&quot;number_text&quot;,&quot;step_icon_shape&quot;:&quot;circle&quot;}\" data-widget_type=\"form.default\">\n\t\t\t\t<div class=\"elementor-widget-container\">\n\t\t\t\t\t\t\t<form class=\"elementor-form\" method=\"post\" id=\"contactform\" name=\"Contact form EN\" aria-label=\"Contact form EN\">\n\t\t\t<input type=\"hidden\" name=\"post_id\" value=\"186\"\/>\n\t\t\t<input type=\"hidden\" name=\"form_id\" value=\"63dfbeb\"\/>\n\t\t\t<input type=\"hidden\" name=\"referer_title\" value=\"\" \/>\n\n\t\t\t\n\t\t\t<div class=\"elementor-form-fields-wrapper elementor-labels-above\">\n\t\t\t\t\t\t\t\t<div class=\"elementor-field-type-text elementor-field-group elementor-column elementor-field-group-name elementor-col-33 elementor-field-required elementor-mark-required\">\n\t\t\t\t\t\t\t\t\t\t\t\t<label for=\"form-field-name\" class=\"elementor-field-label\">\n\t\t\t\t\t\t\t\tName\t\t\t\t\t\t\t<\/label>\n\t\t\t\t\t\t\t\t\t\t\t\t\t\t<input size=\"1\" type=\"text\" name=\"form_fields[name]\" id=\"form-field-name\" class=\"elementor-field elementor-size-sm  elementor-field-textual\" placeholder=\"Geben Sie Ihren Namen ein\" required=\"required\">\n\t\t\t\t\t\t\t\t\t\t\t<\/div>\n\t\t\t\t\t\t\t\t<div class=\"elementor-field-type-email elementor-field-group elementor-column elementor-field-group-email elementor-col-33 elementor-field-required elementor-mark-required\">\n\t\t\t\t\t\t\t\t\t\t\t\t<label for=\"form-field-email\" class=\"elementor-field-label\">\n\t\t\t\t\t\t\t\tEmail\t\t\t\t\t\t\t<\/label>\n\t\t\t\t\t\t\t\t\t\t\t\t\t\t<input size=\"1\" type=\"email\" name=\"form_fields[email]\" id=\"form-field-email\" class=\"elementor-field elementor-size-sm  elementor-field-textual\" placeholder=\"Geben Sie Ihre Email ein\" required=\"required\">\n\t\t\t\t\t\t\t\t\t\t\t<\/div>\n\t\t\t\t\t\t\t\t<div class=\"elementor-field-type-text elementor-field-group elementor-column elementor-field-group-field_19060a1 elementor-col-33\">\n\t\t\t\t\t\t\t\t\t\t\t\t<label for=\"form-field-field_19060a1\" class=\"elementor-field-label\">\n\t\t\t\t\t\t\t\tTelefonnummer\t\t\t\t\t\t\t<\/label>\n\t\t\t\t\t\t\t\t\t\t\t\t\t\t<input size=\"1\" type=\"text\" name=\"form_fields[field_19060a1]\" id=\"form-field-field_19060a1\" class=\"elementor-field elementor-size-sm  elementor-field-textual\" placeholder=\"Geben Sie Ihre Telefonnummer ein\">\n\t\t\t\t\t\t\t\t\t\t\t<\/div>\n\t\t\t\t\t\t\t\t<div class=\"elementor-field-type-textarea elementor-field-group elementor-column elementor-field-group-field_d5a50cf elementor-col-100 elementor-field-required elementor-mark-required\">\n\t\t\t\t\t\t\t\t\t\t\t\t<label for=\"form-field-field_d5a50cf\" class=\"elementor-field-label\">\n\t\t\t\t\t\t\t\tAnfrage\t\t\t\t\t\t\t<\/label>\n\t\t\t\t\t\t<textarea class=\"elementor-field-textual elementor-field  elementor-size-sm\" name=\"form_fields[field_d5a50cf]\" id=\"form-field-field_d5a50cf\" rows=\"4\" placeholder=\"Bitte beschreiben Sie hier Ihre Anfrage\" required=\"required\"><\/textarea>\t\t\t\t<\/div>\n\t\t\t\t\t\t\t\t<div class=\"elementor-field-type-acceptance elementor-field-group elementor-column elementor-field-group-field_a37a22d elementor-col-100 elementor-field-required elementor-mark-required\">\n\t\t\t\t\t\t\t<div class=\"elementor-field-subgroup\">\n\t\t\t<span class=\"elementor-field-option\">\n\t\t\t\t<input type=\"checkbox\" name=\"form_fields[field_a37a22d]\" id=\"form-field-field_a37a22d\" class=\"elementor-field elementor-size-sm  elementor-acceptance-field\" required=\"required\">\n\t\t\t\t<label for=\"form-field-field_a37a22d\"><a target=\"_blank\" href=\"https:\/\/test.superyachtchartermallorca.com\/de\/datenschutzrichtlinie\/\">Ich habe die Datenschutzrichtlinien gelesen und akzeptiere diese<\/a> <span class=\"icon-go-white-up-right\"><\/span><\/label>\t\t\t<\/span>\n\t\t<\/div>\n\t\t\t\t\t\t<\/div>\n\t\t\t\t\t\t\t\t<div class=\"elementor-field-type-recaptcha_v3 elementor-field-group elementor-column elementor-field-group-field_0340832 elementor-col-100 recaptcha_v3-bottomright\">\n\t\t\t\t\t<div class=\"elementor-field\" id=\"form-field-field_0340832\"><div class=\"elementor-g-recaptcha\" data-sitekey=\"6Le1SuopAAAAAMsCou-WuNesJRpQVGH3hI1vDHew\" data-type=\"v3\" data-action=\"Form\" data-badge=\"bottomright\" data-size=\"invisible\"><\/div><\/div>\t\t\t\t<\/div>\n\t\t\t\t\t\t\t\t<div class=\"elementor-field-group elementor-column elementor-field-type-submit elementor-col-100 e-form__buttons\">\n\t\t\t\t\t<button class=\"elementor-button elementor-size-sm\" type=\"submit\">\n\t\t\t\t\t\t<span class=\"elementor-button-content-wrapper\">\n\t\t\t\t\t\t\t\t\t\t\t\t\t\t\t\t\t\t\t\t\t\t<span class=\"elementor-button-text\">Senden<\/span>\n\t\t\t\t\t\t\t\t\t\t\t\t\t<\/span>\n\t\t\t\t\t<\/button>\n\t\t\t\t<\/div>\n\t\t\t<\/div>\n\t\t<\/form>\n\t\t\t\t\t\t<\/div>\n\t\t\t\t<\/div>\n\t\t\t\t<\/div>\n\t\t\t\t<\/div>\n\t\t","protected":false},"excerpt":{"rendered":"<p>Unser Team Jeder ein Spezialist auf seinem Gebiet. Lernen Sie unser Team kennen, das jahrelange Erfahrung im Management von Yachtchartern und der Planung einzigartiger Erlebnisse vereint. Spa\u00df haben an dem was man tut, das ist der wahre Luxus Charter&amp;Dreams wurde im Jahr 2010 von zwei Unternehmern gegr\u00fcndet, die sich f\u00fcr die Welt der Yachten und [&hellip;]<\/p>\n","protected":false},"author":2,"featured_media":0,"parent":0,"menu_order":0,"comment_status":"closed","ping_status":"closed","template":"","meta":{"_acf_changed":false,"_joinchat":[],"footnotes":""},"class_list":["post-186","page","type-page","status-publish","hentry"],"acf":[],"_links":{"self":[{"href":"https:\/\/test.superyachtchartermallorca.com\/de\/wp-json\/wp\/v2\/pages\/186","targetHints":{"allow":["GET"]}}],"collection":[{"href":"https:\/\/test.superyachtchartermallorca.com\/de\/wp-json\/wp\/v2\/pages"}],"about":[{"href":"https:\/\/test.superyachtchartermallorca.com\/de\/wp-json\/wp\/v2\/types\/page"}],"author":[{"embeddable":true,"href":"https:\/\/test.superyachtchartermallorca.com\/de\/wp-json\/wp\/v2\/users\/2"}],"replies":[{"embeddable":true,"href":"https:\/\/test.superyachtchartermallorca.com\/de\/wp-json\/wp\/v2\/comments?post=186"}],"version-history":[{"count":34,"href":"https:\/\/test.superyachtchartermallorca.com\/de\/wp-json\/wp\/v2\/pages\/186\/revisions"}],"predecessor-version":[{"id":2317,"href":"https:\/\/test.superyachtchartermallorca.com\/de\/wp-json\/wp\/v2\/pages\/186\/revisions\/2317"}],"wp:attachment":[{"href":"https:\/\/test.superyachtchartermallorca.com\/de\/wp-json\/wp\/v2\/media?parent=186"}],"curies":[{"name":"wp","href":"https:\/\/api.w.org\/{rel}","templated":true}]}}