{"id":347,"date":"2024-05-24T11:06:29","date_gmt":"2024-05-24T09:06:29","guid":{"rendered":"https:\/\/test.superyachtchartermallorca.com\/?page_id=347"},"modified":"2025-01-03T13:21:41","modified_gmt":"2025-01-03T11:21:41","slug":"legal-notice","status":"publish","type":"page","link":"https:\/\/test.superyachtchartermallorca.com\/de\/legal-notice\/","title":{"rendered":"Rechtshinweis"},"content":{"rendered":"\t\t<div data-elementor-type=\"wp-page\" data-elementor-id=\"347\" class=\"elementor elementor-347 elementor-314\" data-elementor-post-type=\"page\">\n\t\t\t\t<div class=\"elementor-element elementor-element-dbbc4ee e-con-full e-flex e-con e-parent\" data-id=\"dbbc4ee\" data-element_type=\"container\" data-settings=\"{&quot;background_background&quot;:&quot;classic&quot;}\">\n\t\t\t\t<div class=\"elementor-element elementor-element-079036c elementor-widget elementor-widget-image\" data-id=\"079036c\" data-element_type=\"widget\" data-widget_type=\"image.default\">\n\t\t\t\t<div class=\"elementor-widget-container\">\n\t\t\t\t\t\t\t\t\t\t\t\t\t\t\t<img fetchpriority=\"high\" decoding=\"async\" width=\"2560\" height=\"1683\" src=\"https:\/\/test.superyachtchartermallorca.com\/wp-content\/uploads\/sites\/2\/2025\/01\/ibiza-2-scaled-1.jpg\" class=\"attachment-full size-full wp-image-2080\" alt=\"\" srcset=\"https:\/\/test.superyachtchartermallorca.com\/wp-content\/uploads\/sites\/2\/2025\/01\/ibiza-2-scaled-1.jpg 2560w, https:\/\/test.superyachtchartermallorca.com\/wp-content\/uploads\/sites\/2\/2025\/01\/ibiza-2-scaled-1-992x652.jpg 992w, https:\/\/test.superyachtchartermallorca.com\/wp-content\/uploads\/sites\/2\/2025\/01\/ibiza-2-scaled-1-1550x1019.jpg 1550w, https:\/\/test.superyachtchartermallorca.com\/wp-content\/uploads\/sites\/2\/2025\/01\/ibiza-2-scaled-1-576x379.jpg 576w, https:\/\/test.superyachtchartermallorca.com\/wp-content\/uploads\/sites\/2\/2025\/01\/ibiza-2-scaled-1-768x505.jpg 768w, https:\/\/test.superyachtchartermallorca.com\/wp-content\/uploads\/sites\/2\/2025\/01\/ibiza-2-scaled-1-1536x1010.jpg 1536w, https:\/\/test.superyachtchartermallorca.com\/wp-content\/uploads\/sites\/2\/2025\/01\/ibiza-2-scaled-1-2048x1346.jpg 2048w, https:\/\/test.superyachtchartermallorca.com\/wp-content\/uploads\/sites\/2\/2025\/01\/ibiza-2-scaled-1-1900x1249.jpg 1900w\" sizes=\"(max-width: 2560px) 100vw, 2560px\" \/>\t\t\t\t\t\t\t\t\t\t\t\t\t\t\t<\/div>\n\t\t\t\t<\/div>\n\t\t<div class=\"elementor-element elementor-element-a3f310f e-flex e-con-boxed e-con e-child\" data-id=\"a3f310f\" data-element_type=\"container\" data-settings=\"{&quot;position&quot;:&quot;absolute&quot;}\">\n\t\t\t\t\t<div class=\"e-con-inner\">\n\t\t\t\t<div class=\"elementor-element elementor-element-562d83e elementor-widget__width-initial elementor-widget elementor-widget-heading\" data-id=\"562d83e\" data-element_type=\"widget\" data-widget_type=\"heading.default\">\n\t\t\t\t<div class=\"elementor-widget-container\">\n\t\t\t\t\t<h1 class=\"elementor-heading-title elementor-size-default\">Rechtshinweis<\/h1>\t\t\t\t<\/div>\n\t\t\t\t<\/div>\n\t\t\t\t\t<\/div>\n\t\t\t\t<\/div>\n\t\t\t\t<\/div>\n\t\t<div class=\"elementor-element elementor-element-a705c70 e-flex e-con-boxed e-con e-parent\" data-id=\"a705c70\" data-element_type=\"container\">\n\t\t\t\t\t<div class=\"e-con-inner\">\n\t\t\t\t<div class=\"elementor-element elementor-element-339ebaa elementor-widget__width-initial elementor-widget elementor-widget-text-editor\" data-id=\"339ebaa\" data-element_type=\"widget\" data-widget_type=\"text-editor.default\">\n\t\t\t\t<div class=\"elementor-widget-container\">\n\t\t\t\t\t\t\t\t\t<p>Informationen \u00fcber die Einhaltung von Artikel 10 der LSSICE<\/p><p><strong>HALTER:\u00a0<\/strong>Charter&amp;Dreams Yacht Services S.L.<\/p><p><strong>STEUER-NR.:\u00a0<\/strong>B65250441<\/p><p><strong>Anschrift:\u00a0<\/strong>Passeig Joan de Borb\u00f3 80-84, lokal 2 08039 Barcelona<\/p><p><strong>Schutz personenbezogener Daten<\/strong><\/p><p>Die \u00fcber die Website erhobenen personenbezogenen Daten werden nur zum Zwecke der Erbringung der angeforderten Leistungen und der Abrechnung verwendet. Ihre Daten werden zu Abrechnungszwecken in Dateien der Charter&amp;Dreams Yacht Services S.L. gespeichert und f\u00fcr den gesetzlich vorgeschriebenen Zeitraum archiviert. Sie k\u00f6nnen Ihre Rechte auf Zugang, Berichtigung, L\u00f6schung und Widerspruch schriftlich an Charter&amp;Dreams Yacht Services S.L.en Passeig Joan de Borb\u00f3 80-84 local 2 08039, Barcelona, aus\u00fcben.\u00a0<\/p><p><strong>Geistiges Eigentum und Verantwortung f\u00fcr Inhalte<\/strong><\/p><p>Es ist verboten, alle Inhalte der Website, insbesondere Texte, Design und Quellcode, ohne die ausdr\u00fcckliche Zustimmung ihrer Eigent\u00fcmer zu verwenden. Jede unbefugte Nutzung wird von den rechtm\u00e4\u00dfigen Eigent\u00fcmern strafrechtlich verfolgt. Der Eigent\u00fcmer der Website ist nicht verantwortlich f\u00fcr den Inhalt, zu dem die auf ihr befindlichen Links gem\u00e4\u00df den Bestimmungen von Artikel 17 der LSSICE f\u00fchren.\u00a0<\/p>\t\t\t\t\t\t\t\t<\/div>\n\t\t\t\t<\/div>\n\t\t\t\t\t<\/div>\n\t\t\t\t<\/div>\n\t\t\t\t<\/div>\n\t\t","protected":false},"excerpt":{"rendered":"<p>Rechtshinweis Informationen \u00fcber die Einhaltung von Artikel 10 der LSSICE HALTER:\u00a0Charter&amp;Dreams Yacht Services S.L. STEUER-NR.:\u00a0B65250441 Anschrift:\u00a0Passeig Joan de Borb\u00f3 80-84, lokal 2 08039 Barcelona Schutz personenbezogener Daten Die \u00fcber die Website erhobenen personenbezogenen Daten werden nur zum Zwecke der Erbringung der angeforderten Leistungen und der Abrechnung verwendet. Ihre Daten werden zu Abrechnungszwecken in Dateien der [&hellip;]<\/p>\n","protected":false},"author":2,"featured_media":0,"parent":0,"menu_order":0,"comment_status":"closed","ping_status":"closed","template":"","meta":{"_acf_changed":false,"_joinchat":[],"footnotes":""},"class_list":["post-347","page","type-page","status-publish","hentry"],"acf":[],"_links":{"self":[{"href":"https:\/\/test.superyachtchartermallorca.com\/de\/wp-json\/wp\/v2\/pages\/347","targetHints":{"allow":["GET"]}}],"collection":[{"href":"https:\/\/test.superyachtchartermallorca.com\/de\/wp-json\/wp\/v2\/pages"}],"about":[{"href":"https:\/\/test.superyachtchartermallorca.com\/de\/wp-json\/wp\/v2\/types\/page"}],"author":[{"embeddable":true,"href":"https:\/\/test.superyachtchartermallorca.com\/de\/wp-json\/wp\/v2\/users\/2"}],"replies":[{"embeddable":true,"href":"https:\/\/test.superyachtchartermallorca.com\/de\/wp-json\/wp\/v2\/comments?post=347"}],"version-history":[{"count":7,"href":"https:\/\/test.superyachtchartermallorca.com\/de\/wp-json\/wp\/v2\/pages\/347\/revisions"}],"predecessor-version":[{"id":2092,"href":"https:\/\/test.superyachtchartermallorca.com\/de\/wp-json\/wp\/v2\/pages\/347\/revisions\/2092"}],"wp:attachment":[{"href":"https:\/\/test.superyachtchartermallorca.com\/de\/wp-json\/wp\/v2\/media?parent=347"}],"curies":[{"name":"wp","href":"https:\/\/api.w.org\/{rel}","templated":true}]}}