{"id":357,"date":"2024-05-24T11:08:59","date_gmt":"2024-05-24T09:08:59","guid":{"rendered":"https:\/\/test.superyachtchartermallorca.com\/?page_id=357"},"modified":"2025-01-03T13:25:14","modified_gmt":"2025-01-03T11:25:14","slug":"privacy-policy","status":"publish","type":"page","link":"https:\/\/test.superyachtchartermallorca.com\/de\/privacy-policy\/","title":{"rendered":"Datenschutzrichtlinie"},"content":{"rendered":"\t\t<div data-elementor-type=\"wp-page\" data-elementor-id=\"357\" class=\"elementor elementor-357 elementor-327\" data-elementor-post-type=\"page\">\n\t\t\t\t<div class=\"elementor-element elementor-element-4bb0df9 e-con-full e-flex e-con e-parent\" data-id=\"4bb0df9\" data-element_type=\"container\" data-settings=\"{&quot;background_background&quot;:&quot;classic&quot;}\">\n\t\t\t\t<div class=\"elementor-element elementor-element-ab6a3fb elementor-widget elementor-widget-image\" data-id=\"ab6a3fb\" data-element_type=\"widget\" data-widget_type=\"image.default\">\n\t\t\t\t<div class=\"elementor-widget-container\">\n\t\t\t\t\t\t\t\t\t\t\t\t\t\t\t<img fetchpriority=\"high\" decoding=\"async\" width=\"2560\" height=\"1683\" src=\"https:\/\/test.superyachtchartermallorca.com\/wp-content\/uploads\/sites\/2\/2025\/01\/ibiza-2-scaled-1.jpg\" class=\"attachment-full size-full wp-image-2080\" alt=\"\" srcset=\"https:\/\/test.superyachtchartermallorca.com\/wp-content\/uploads\/sites\/2\/2025\/01\/ibiza-2-scaled-1.jpg 2560w, https:\/\/test.superyachtchartermallorca.com\/wp-content\/uploads\/sites\/2\/2025\/01\/ibiza-2-scaled-1-992x652.jpg 992w, https:\/\/test.superyachtchartermallorca.com\/wp-content\/uploads\/sites\/2\/2025\/01\/ibiza-2-scaled-1-1550x1019.jpg 1550w, https:\/\/test.superyachtchartermallorca.com\/wp-content\/uploads\/sites\/2\/2025\/01\/ibiza-2-scaled-1-576x379.jpg 576w, https:\/\/test.superyachtchartermallorca.com\/wp-content\/uploads\/sites\/2\/2025\/01\/ibiza-2-scaled-1-768x505.jpg 768w, https:\/\/test.superyachtchartermallorca.com\/wp-content\/uploads\/sites\/2\/2025\/01\/ibiza-2-scaled-1-1536x1010.jpg 1536w, https:\/\/test.superyachtchartermallorca.com\/wp-content\/uploads\/sites\/2\/2025\/01\/ibiza-2-scaled-1-2048x1346.jpg 2048w, https:\/\/test.superyachtchartermallorca.com\/wp-content\/uploads\/sites\/2\/2025\/01\/ibiza-2-scaled-1-1900x1249.jpg 1900w\" sizes=\"(max-width: 2560px) 100vw, 2560px\" \/>\t\t\t\t\t\t\t\t\t\t\t\t\t\t\t<\/div>\n\t\t\t\t<\/div>\n\t\t<div class=\"elementor-element elementor-element-7efaef3 e-flex e-con-boxed e-con e-child\" data-id=\"7efaef3\" data-element_type=\"container\" data-settings=\"{&quot;position&quot;:&quot;absolute&quot;}\">\n\t\t\t\t\t<div class=\"e-con-inner\">\n\t\t\t\t<div class=\"elementor-element elementor-element-0f5423b elementor-widget__width-initial elementor-widget elementor-widget-heading\" data-id=\"0f5423b\" data-element_type=\"widget\" data-widget_type=\"heading.default\">\n\t\t\t\t<div class=\"elementor-widget-container\">\n\t\t\t\t\t<h1 class=\"elementor-heading-title elementor-size-default\">Datenschutzrichtlinie<\/h1>\t\t\t\t<\/div>\n\t\t\t\t<\/div>\n\t\t\t\t\t<\/div>\n\t\t\t\t<\/div>\n\t\t\t\t<\/div>\n\t\t<div class=\"elementor-element elementor-element-c46dea8 e-flex e-con-boxed e-con e-parent\" data-id=\"c46dea8\" data-element_type=\"container\">\n\t\t\t\t\t<div class=\"e-con-inner\">\n\t\t\t\t<div class=\"elementor-element elementor-element-b4c22fb elementor-widget__width-initial elementor-widget elementor-widget-text-editor\" data-id=\"b4c22fb\" data-element_type=\"widget\" data-widget_type=\"text-editor.default\">\n\t\t\t\t<div class=\"elementor-widget-container\">\n\t\t\t\t\t\t\t\t\t<p><strong>1. VERARBEITUNG PERSONENBEZOGENEN DATEN<\/strong><\/p><p>In \u00dcbereinstimmung mit den Bestimmungen der Verordnung (EU) 2016\/679 General Data Protection Regulation (im Folgenden &#8222;GDPR&#8220;) wird mitgeteilt, dass alle personenbezogenen Daten, die der Nutzer \u00fcber die Website\u00a0<strong>test.charteranddreams.com<\/strong>\u00a0(im Folgenden &#8222;<strong>Website<\/strong>&#8222;) zur Verf\u00fcgung stellt, in die Dateien und Verarbeitungssysteme des Unternehmens Charter&amp;Dreams Yacht Services, S.L<strong>.<\/strong>, (im Folgenden &#8222;<strong>Charter&amp;Dreams<\/strong>&#8222;) aufgenommen und verarbeitet werden, und zwar ausschlie\u00dflich zu dem Zweck, auf Ihre Anfragen zu antworten und Sie, auch auf elektronischem Wege, \u00fcber unsere Produkte und Dienstleistungen zu informieren.<\/p><p>Die Angabe aller \u00fcber die Website angeforderten Daten ist notwendig, um eine optimale Bereitstellung der dem Nutzer zur Verf\u00fcgung stehenden Dienstleistungen zu erreichen. Die Nichtbereitstellung aller von Charter &amp; Dreams angeforderten Daten garantiert nicht, dass die bereitgestellten Informationen und Dienstleistungen bereitgestellt werden k\u00f6nnen, korrekt bereitgestellt werden oder den Bed\u00fcrfnissen des Nutzers entsprechen.<\/p><p><strong>2. GRUNDLEGENDE INFORMATIONEN ZUM SCHUTZ PERSONENBEZOGENER DATEN<\/strong><\/p><p><strong>Verantwortlich<\/strong><\/p><p><strong>Charter&amp;Dreams Yacht Services, S.L.<\/strong><\/p><p>C. de Balmes, 253, 2\u00ba 1\u00aa, 08006 Barcelona, Spanien<\/p><p>C.I.F: B65250441<\/p><p><a href=\"mailto:info@charteranddreams.com\">info@charteranddreams.com<\/a><\/p><p><strong>Zweck<\/strong><\/p><ul><li>Kontaktaufnahme mit dem Nutzer und Erledigung grundlegender Verwaltungsaufgaben;<\/li><li>Beantwortung und angemessene Verwaltung der gesendeten Anfragen, Kommentare, Vorf\u00e4lle oder Vorschl\u00e4ge;<\/li><li>Bearbeitung und angemessene Verwaltung der \u00fcber dieses Medium an uns gerichteten Angebotsanfragen;<\/li><li>Sie auf elektronischem Wege, \u00fcber mobile Ger\u00e4te oder auf anderem Wege, der uns zur Verf\u00fcgung gestellt wurde, \u00fcber die neuesten Nachrichten, Veranstaltungen, Werbeaktionen, Charter &amp; Dreams, die von Interesse sein k\u00f6nnten, zu informieren;<\/li><li>Statistische Analyse der Besuche auf der Website und des Nutzerverhaltens auf der Website.<\/li><\/ul><p><strong>Legitimation<\/strong><\/p><p>Zustimmung der betroffenen Partei und berechtigtes Interesse.<\/p><p><strong>Empf\u00e4nger<\/strong><\/p><p>Es werden keine Daten an Dritte weitergegeben, es sei denn, es handelt sich um eine Dienstleistung, die von den Kunden angefordert wurde &#8211; in diesem Fall wird der Nutzer ordnungsgem\u00e4\u00df informiert &#8211; oder um eine gesetzliche Verpflichtung, sowie an andere Mitarbeiter, die f\u00fcr die Erbringung der Dienstleistungen notwendig sind, wobei der Nutzer ordnungsgem\u00e4\u00df informiert wird, in \u00dcbereinstimmung mit den Bestimmungen der RGPD.<\/p><p><strong>Rechte<\/strong><\/p><p>Zugang, Berichtigung, L\u00f6schung, Widerspruch, Einschr\u00e4nkung der Verarbeitung, Daten\u00fcbertragbarkeit, keine automatisierten Einzelentscheidungen zu treffen und die erteilte Zustimmung zu widerrufen.<br \/>Sich an die spanische Datenschutzbeh\u00f6rde zu wenden, um jede als angemessen erachtete Forderung zu stellen.<\/p><p><strong>Ausf\u00fchrliche Informationen<\/strong><\/p><p>Nachstehend finden Sie ausf\u00fchrliche Informationen \u00fcber den Schutz Ihrer Daten.<\/p><p><strong>3. AUSF\u00dcHRLICHE INFORMATIONEN \u00dcBER DEN SCHUTZ PERSONENBEZOGENER DATEN<\/strong><\/p><p><u><strong>3.1 Verantwortlich f\u00fcr die Verarbeitung<\/strong><\/u><\/p><p>Verantwortlich f\u00fcr die Verarbeitung der Daten des Nutzers ist die Firma Charter&amp;Dreams Yacht Services, S.L., C. de Balmes, 253, 2\u00ba 1\u00aa, 08006 Barcelona, Spanien, mit der C.I.F. B65250441, Telefon 931147593 und E-Mail\u00a0<a href=\"mailto:info@charteranddreams.com\">info@charteranddreams.com<\/a>.<\/p><p><strong>3.2 Zweck der Datenverarbeitung<\/strong><\/p><p>Der Nutzer kann uns auf freiwilliger Basis personenbezogene Daten zur Verf\u00fcgung stellen, entweder \u00fcber bestimmte Datenerfassungsformulare (im Internet, bei der Anmeldung zu Veranstaltungen in Papierform, per Telefon usw.) oder \u00fcber die zu diesem Zweck bereitgestellten E-Mail-Adressen.<br \/>Der Zugriff von Charter &amp; Dreams auf die pers\u00f6nlichen Daten des Nutzers erfolgt einzig und allein zu dem Zweck, dass Charter &amp; Dreams die Anfragen des Nutzers erf\u00fcllen kann und um Sie, auch auf elektronischem Wege, \u00fcber unsere Produkte und Dienstleistungen zu informieren, ohne sie f\u00fcr andere Zwecke verwenden zu k\u00f6nnen. Die vom Nutzer erteilte Einwilligung dient den folgenden Zwecken:<br \/>Um mit dem Nutzer in Kontakt treten zu k\u00f6nnen und grundlegende Verwaltungsaufgaben zu erledigen;<br \/>Um Anfragen, Kommentare, Vorf\u00e4lle oder Vorschl\u00e4ge zu bearbeiten und angemessen zu verwalten;<br \/>Bearbeitung und angemessene Verwaltung der \u00fcber dieses Medium an uns gesendeten Angebotsanfragen;<br \/>Sie auf elektronischem Wege, \u00fcber mobile Ger\u00e4te oder auf anderem Wege, der uns zur Verf\u00fcgung gestellt wurde, \u00fcber die neuesten Nachrichten, Veranstaltungen, Werbeaktionen, Charter &amp; Dreams, die von Interesse sein k\u00f6nnten, zu informieren;<br \/>Statistische Analyse der Besuche auf der Website und des Nutzerverhaltens auf ihr.<br \/>Ordnungsgem\u00e4\u00dfe Verwaltung der Navigation durch diese Website.<br \/>Bez\u00fcglich der Verarbeitung Ihrer Daten zu Werbezwecken wird dem Interessenten zusammen mit dem entsprechenden Datenerfassungsformular das entsprechende Verfahren einfach und kostenlos zur Verf\u00fcgung gestellt, so dass Sie frei Ihre Zustimmung zu diesem Zweck geben k\u00f6nnen. Die erteilte Einwilligung kann jederzeit und ohne Kosten f\u00fcr die betroffene Person widerrufen werden.<br \/>In \u00dcbereinstimmung mit den oben genannten Zwecken wird auf der Grundlage der bereitgestellten Informationen ein &#8222;Gesch\u00e4ftsprofil&#8220; erstellt. Auf der Grundlage dieses Profils werden keine automatisierten Entscheidungen getroffen.\u00a0<\/p><p><strong>3.2.1 Aufbewahrung der Daten<\/strong><\/p><p>Die vom Nutzer zur Verf\u00fcgung gestellten pers\u00f6nlichen Daten werden von Charter&amp;Dreams aufbewahrt, solange eine vertragliche und\/oder kommerzielle Beziehung mit dem Nutzer besteht, sowie f\u00fcr 6 Jahre nach demselben in \u00dcbereinstimmung mit den kommerziellen Verpflichtungen des Art. 30 des Handelsgesetzbuches oder, gegebenenfalls, w\u00e4hrend der maximalen gesetzlichen Frist, die von der Datenschutzgesetzgebung erlaubt ist, einschlie\u00dflich der Verj\u00e4hrungsfrist f\u00fcr rechtliche Schritte f\u00fcr die Aufmerksamkeit einer m\u00f6glichen Haftung, die sich aus der vertraglichen Beziehung ergeben kann, und, in Bezug auf kommerzielle Kommunikation, solange er nicht das Recht auf L\u00f6schung, Widerspruch und \/ oder Einschr\u00e4nkung der pers\u00f6nlichen Daten verlangt.<\/p><p>In diesen F\u00e4llen wird Charter &amp; Dreams die Daten ordnungsgem\u00e4\u00df gesperrt halten, ohne sie zu verwenden, solange sie f\u00fcr die Geltendmachung oder Verteidigung von Anspr\u00fcchen erforderlich sind oder sich eine Art von rechtlicher, gesetzlicher oder vertraglicher Haftung aus ihrer Behandlung ergibt, die behandelt werden muss und f\u00fcr die eine Wiederherstellung erforderlich ist.<\/p><p><strong>3.3 Minderj\u00e4hrige<\/strong><\/p><p>Diese Website ist nicht f\u00fcr Minderj\u00e4hrige bestimmt. In jedem Fall sollten Kinder unter 16 Jahren keine pers\u00f6nlichen Daten ohne die Zustimmung ihrer Eltern oder Erziehungsberechtigten \u00fcbermitteln. Charter&amp;Dreams ist nicht verantwortlich f\u00fcr pers\u00f6nliche Daten, die von Kindern unter 14 Jahren ohne entsprechende Genehmigung \u00fcbermittelt werden.<\/p><p><strong>3.4 Rechtsgrundlage f\u00fcr die Datenverarbeitung<\/strong><\/p><p>Die Rechtsgrundlage f\u00fcr die Verarbeitung der Nutzerdaten ist das berechtigte Interesse, den W\u00fcnschen und der Zustimmung des Nutzers nachzukommen, um ihn \u00fcber unsere Produkte und Dienstleistungen zu informieren, auch auf elektronischem Wege. Dieser Zweck unterliegt auch nicht der Einwilligung von Daten, die f\u00fcr diesen Zweck nicht erforderlich sind.<\/p><p><strong>3.5. Empf\u00e4nger<\/strong><\/p><p>Charter&amp;Dreams gibt keine Daten an Dritte weiter, es sei denn, es handelt sich um eine Dienstleistung, die von den Kunden angefordert wird &#8211; in diesem Fall wird der Nutzer ordnungsgem\u00e4\u00df informiert &#8211; oder um eine gesetzliche Verpflichtung, sowie an andere Mitarbeiter, die f\u00fcr die Erbringung der Dienstleistungen notwendig sind, wobei der Nutzer ordnungsgem\u00e4\u00df informiert wird, in \u00dcbereinstimmung mit den Bestimmungen der RGPD.<\/p><p><strong>3.6 Internationale Daten\u00fcbermittlung<\/strong><br \/>Charter&amp;Dreams f\u00fchrt keine internationalen Daten\u00fcbertragungen durch. Sollte dies der Fall sein, wird der Nutzer vorher informiert und um die entsprechende Zustimmung gebeten, wobei in jedem Fall geeignete technische und organisatorische Ma\u00dfnahmen zur Gew\u00e4hrleistung der Sicherheit Ihrer Daten getroffen werden.<\/p><p><strong>3.7. Aus\u00fcbung der Rechte<\/strong><\/p><p>Der Nutzer kann in Bezug auf die Verarbeitung seiner personenbezogenen Daten die folgenden, in der DSGVO vorgesehenen Rechte aus\u00fcben:<br \/>Recht auf Zugang zu den personenbezogenen Daten, die die betroffene Person betreffen.<br \/>Das Recht, ihre Berichtigung zu verlangen.<br \/>Das Recht, die L\u00f6schung der Daten zu verlangen.<br \/>Das Recht, die Einschr\u00e4nkung der Verarbeitung zu verlangen,<br \/>Das Recht auf Widerspruch gegen die Verarbeitung.<br \/>Das Recht auf Daten\u00fcbertragbarkeit.<br \/>Das Recht, keiner automatisierten Einzelentscheidung unterworfen zu werden.<\/p><p>Diese Rechte k\u00f6nnen durch schriftliche Mitteilung an Charter&amp;Dreams Yacht Services, S.L., C. de Balmes, 253, 2\u00ba 1\u00aa, 08006 Barcelona, Spanien, mit der C.I.F. B65250441, oder per E-Mail an die Adresse\u00a0<a href=\"mailto:info@charteranddreams.com\">info@charteranddreams.com<\/a>\u00a0ausge\u00fcbt werden. In beiden F\u00e4llen muss der interessierte Nutzer eine Kopie seines Personalausweises, Reisepasses oder eines anderen g\u00fcltigen Dokuments, das ihn ausweist, beif\u00fcgen. Charter&amp;Dreams wird innerhalb eines Monats nach Eingang des Antrags eine Mitteilung versenden, gegebenenfalls zusammen mit anderen Informationen, die f\u00fcr die L\u00f6sung des Antrags von Bedeutung sein k\u00f6nnen.<\/p><p><strong>3.8 Ma\u00dfnahmen und Sicherheitsstufen<\/strong><\/p><p>Charter&amp;Dreams hat die notwendigen Ma\u00dfnahmen ergriffen, um das erforderliche Sicherheitsniveau je nach Art der verarbeiteten personenbezogenen Daten und den Umst\u00e4nden der Verarbeitung aufrechtzuerhalten, um, soweit m\u00f6glich und immer nach dem Stand der Technik, ihre Ver\u00e4nderung, ihren Verlust, ihre Verarbeitung oder ihren unbefugten Zugriff zu vermeiden.<br \/>Au\u00dferdem garantiert Charter&amp;Dreams, dass es Mechanismen implementiert hat, um:<br \/>1. die Vertraulichkeit, Integrit\u00e4t, Verf\u00fcgbarkeit und Belastbarkeit von Systemen und Verarbeitungsdiensten dauerhaft zu gew\u00e4hrleisten.<br \/>2. die Verf\u00fcgbarkeit und den Zugang zu personenbezogenen Daten im Falle eines physischen oder technischen Vorfalls schnell wiederherzustellen.<br \/>3. die Wirksamkeit der technischen und organisatorischen Ma\u00dfnahmen zur Gew\u00e4hrleistung der Sicherheit der Verarbeitung regelm\u00e4\u00dfig zu \u00fcberpr\u00fcfen, zu bewerten und zu beurteilen.<br \/>4. Pseudonymisierung und Verschl\u00fcsselung personenbezogener Daten, wo dies angebracht ist.<\/p><p><strong>3.9 Anwendungsbereich<\/strong><\/p><p>Die Struktur von Dateien, Ger\u00e4ten und Informationssystemen zur Einhaltung der geltenden Datenschutzgesetze gilt f\u00fcr alle tempor\u00e4ren oder permanenten Dateien im Besitz von Charter &amp; Dreams, die personenbezogene Daten enthalten, sowie f\u00fcr alle Ger\u00e4te oder Informationssysteme, mit denen sie verarbeitet werden.<\/p><p><strong>3.10. Zustimmung des Nutzers<\/strong><\/p><p>Der Nutzer erkl\u00e4rt, diese Datenschutzerkl\u00e4rung gelesen und ausdr\u00fccklich akzeptiert zu haben, indem er sich bei Charter&amp;Dreams anmeldet und Charter&amp;Dreams seine unmissverst\u00e4ndliche und ausdr\u00fcckliche Zustimmung zur Verarbeitung der Daten in \u00dcbereinstimmung mit den hier genannten Zwecken und Dienstleistungen erteilt.<br \/>Es werden keine Daten an Dritte weitergegeben, es sei denn, es handelt sich um die Erbringung einer von den Kunden angeforderten Dienstleistung, \u00fcber die der Nutzer ordnungsgem\u00e4\u00df informiert wird, oder um eine gesetzliche Verpflichtung, sowie um andere Partner, die f\u00fcr die Erbringung der Dienstleistungen erforderlich sind, wobei der Nutzer gem\u00e4\u00df den Bestimmungen der RGPD ordnungsgem\u00e4\u00df informiert wird. F\u00fcr den Fall, dass der Nutzer Charter&amp;Dreams personenbezogene Daten von Dritten zur Verf\u00fcgung stellt, erkl\u00e4rt der Nutzer, dass diese Daten wahrheitsgem\u00e4\u00df sind und hat diese Dritten, deren Daten uns zur Verf\u00fcgung gestellt werden, dar\u00fcber informiert und um Zustimmung gebeten, dass deren personenbezogene Daten von Charter&amp;Dreams unter den gleichen Bedingungen verarbeitet werden, wie der Nutzer informiert wurde und seine Zustimmung zu dieser Datenschutzrichtlinie gegeben hat. Der Nutzer verpflichtet sich, Charter&amp;Dreams von jeglichen Anspr\u00fcchen, Bu\u00dfgeldern oder Strafen freizustellen, die sich aus der Verletzung der in diesem Absatz beschriebenen Pflicht durch den Nutzer ergeben k\u00f6nnten.<\/p><p><strong>3.11. Kommerzielle und werbliche Informationen<\/strong><\/p><p>Wenn der Nutzer uns dazu erm\u00e4chtigt hat, werden die pers\u00f6nlichen Daten, die Sie \u00fcber dieses Formular zur Verf\u00fcgung stellen, von Charter &amp; Dreams verarbeitet, um Gesch\u00e4ftsinhalte und kommerzielle Mitteilungen Charter &amp; Dreams mitzuteilen.<\/p><p><strong>3.12. Vertraulichkeit und Berufsgeheimnis<\/strong><\/p><p>Die in der gesamten privaten Kommunikation zwischen Charter&amp;Dreams und Kunden oder Nutzern erhobenen Daten werden absolut vertraulich behandelt, wobei Charter&amp;Dreams sich zur Geheimhaltung der pers\u00f6nlichen Daten verpflichtet und die Pflicht hat, diese zu sch\u00fctzen und alle notwendigen Ma\u00dfnahmen zu ergreifen, um \u00c4nderungen, Verlust und unbefugten Zugriff oder Behandlung zu verhindern, in \u00dcbereinstimmung mit den Bestimmungen der geltenden Datenschutzgesetze.<br \/>Als vertraulich gelten auch Informationen jeglicher Art, die die Parteien untereinander austauschen, die sie als solche vereinbaren oder die lediglich den Inhalt solcher Informationen betreffen. Die Darstellung von Daten im Internet bedeutet keinen direkten Zugang zu diesen Daten, es sei denn, der Eigent\u00fcmer hat in jedem Fall seine ausdr\u00fcckliche Zustimmung erteilt.<\/p><p><strong>3.13. \u00c4nderungen der Sicherheits- und Datenschutzpolitik<\/strong><\/p><p>Charter&amp;Dreams beh\u00e4lt sich das Recht vor, seine Sicherheits- und Datenschutzpolitik zu \u00e4ndern, um sie an neue Gesetzgebung oder Rechtsprechung anzupassen, sowie an solche, die sich aus bestehenden Standardkodizes zu diesem Thema oder aus strategischen Unternehmensentscheidungen ergeben k\u00f6nnen, mit Wirkung ab dem Datum der Ver\u00f6ffentlichung einer solchen \u00c4nderung auf der Charter&amp;Dreams-Website.<\/p><p><strong>3.14. Links<\/strong><\/p><p>Was Links oder Verkn\u00fcpfungen zu anderen Portalen oder Websites betrifft, die nicht von Charter&amp;Dreams verwaltet werden und die zu Informationszwecken auf dem Portal erscheinen, so \u00fcbt Charter&amp;Dreams weder eine Kontrolle \u00fcber diese aus, noch ist sie f\u00fcr die abgerufenen Informationen verantwortlich. Ohne vorherige schriftliche Genehmigung von Charter&amp;Dreams ist es nicht gestattet, einen Link, Hyperlink, ein Framing oder einen \u00e4hnlichen Link in die Website einzuf\u00fcgen.<\/p><p><strong>3.15. Cookies<\/strong><\/p><p>Der Zugang zu dieser Website kann die Verwendung von Cookies beinhalten. Cookies sind kleine Informationsmengen, die in dem von jedem Nutzer verwendeten Browser gespeichert werden, damit sich der Server bestimmte Informationen merken kann, die sp\u00e4ter verwendet werden k\u00f6nnen. Diese Informationen erm\u00f6glichen es uns, Sie als einen bestimmten Benutzer zu identifizieren und Ihre pers\u00f6nlichen Pr\u00e4ferenzen sowie technische Informationen wie Besuche oder bestimmte Seiten, die Sie besuchen, zu speichern.<br \/>Nutzer, die keine Cookies erhalten m\u00f6chten oder die informiert werden m\u00f6chten, bevor sie auf ihrem Computer gespeichert werden, k\u00f6nnen ihren Browser entsprechend konfigurieren. Weitere Informationen finden Sie in unserer\u00a0<a href=\"https:\/\/test.charteranddreams.com\/de\/cookie-richtlinie\/\">Cookie-Richtlinie<\/a>.<\/p>\t\t\t\t\t\t\t\t<\/div>\n\t\t\t\t<\/div>\n\t\t\t\t\t<\/div>\n\t\t\t\t<\/div>\n\t\t\t\t<\/div>\n\t\t","protected":false},"excerpt":{"rendered":"<p>Datenschutzrichtlinie 1. VERARBEITUNG PERSONENBEZOGENEN DATEN In \u00dcbereinstimmung mit den Bestimmungen der Verordnung (EU) 2016\/679 General Data Protection Regulation (im Folgenden &#8222;GDPR&#8220;) wird mitgeteilt, dass alle personenbezogenen Daten, die der Nutzer \u00fcber die Website\u00a0test.charteranddreams.com\u00a0(im Folgenden &#8222;Website&#8222;) zur Verf\u00fcgung stellt, in die Dateien und Verarbeitungssysteme des Unternehmens Charter&amp;Dreams Yacht Services, S.L., (im Folgenden &#8222;Charter&amp;Dreams&#8222;) aufgenommen und verarbeitet [&hellip;]<\/p>\n","protected":false},"author":2,"featured_media":0,"parent":0,"menu_order":0,"comment_status":"closed","ping_status":"closed","template":"","meta":{"_acf_changed":false,"_joinchat":[],"footnotes":""},"class_list":["post-357","page","type-page","status-publish","hentry"],"acf":[],"_links":{"self":[{"href":"https:\/\/test.superyachtchartermallorca.com\/de\/wp-json\/wp\/v2\/pages\/357","targetHints":{"allow":["GET"]}}],"collection":[{"href":"https:\/\/test.superyachtchartermallorca.com\/de\/wp-json\/wp\/v2\/pages"}],"about":[{"href":"https:\/\/test.superyachtchartermallorca.com\/de\/wp-json\/wp\/v2\/types\/page"}],"author":[{"embeddable":true,"href":"https:\/\/test.superyachtchartermallorca.com\/de\/wp-json\/wp\/v2\/users\/2"}],"replies":[{"embeddable":true,"href":"https:\/\/test.superyachtchartermallorca.com\/de\/wp-json\/wp\/v2\/comments?post=357"}],"version-history":[{"count":7,"href":"https:\/\/test.superyachtchartermallorca.com\/de\/wp-json\/wp\/v2\/pages\/357\/revisions"}],"predecessor-version":[{"id":2113,"href":"https:\/\/test.superyachtchartermallorca.com\/de\/wp-json\/wp\/v2\/pages\/357\/revisions\/2113"}],"wp:attachment":[{"href":"https:\/\/test.superyachtchartermallorca.com\/de\/wp-json\/wp\/v2\/media?parent=357"}],"curies":[{"name":"wp","href":"https:\/\/api.w.org\/{rel}","templated":true}]}}