{"id":314,"date":"2024-05-24T11:06:29","date_gmt":"2024-05-24T09:06:29","guid":{"rendered":"https:\/\/test.superyachtchartermallorca.com\/?page_id=314"},"modified":"2025-01-03T13:21:19","modified_gmt":"2025-01-03T11:21:19","slug":"legal-notice","status":"publish","type":"page","link":"https:\/\/test.superyachtchartermallorca.com\/en\/legal-notice\/","title":{"rendered":"Legal Notice"},"content":{"rendered":"\t\t<div data-elementor-type=\"wp-page\" data-elementor-id=\"314\" class=\"elementor elementor-314\" data-elementor-post-type=\"page\">\n\t\t\t\t<div class=\"elementor-element elementor-element-228c173 e-con-full e-flex e-con e-parent\" data-id=\"228c173\" data-element_type=\"container\" data-settings=\"{&quot;background_background&quot;:&quot;classic&quot;}\">\n\t\t\t\t<div class=\"elementor-element elementor-element-ef27054 elementor-widget elementor-widget-image\" data-id=\"ef27054\" data-element_type=\"widget\" data-widget_type=\"image.default\">\n\t\t\t\t<div class=\"elementor-widget-container\">\n\t\t\t\t\t\t\t\t\t\t\t\t\t\t\t<img fetchpriority=\"high\" decoding=\"async\" width=\"2560\" height=\"1683\" src=\"https:\/\/test.superyachtchartermallorca.com\/wp-content\/uploads\/sites\/2\/2024\/05\/ibiza-2-scaled-1.jpg\" class=\"attachment-full size-full wp-image-316\" alt=\"\" srcset=\"https:\/\/test.superyachtchartermallorca.com\/wp-content\/uploads\/sites\/2\/2024\/05\/ibiza-2-scaled-1.jpg 2560w, https:\/\/test.superyachtchartermallorca.com\/wp-content\/uploads\/sites\/2\/2024\/05\/ibiza-2-scaled-1-992x652.jpg 992w, https:\/\/test.superyachtchartermallorca.com\/wp-content\/uploads\/sites\/2\/2024\/05\/ibiza-2-scaled-1-1550x1019.jpg 1550w, https:\/\/test.superyachtchartermallorca.com\/wp-content\/uploads\/sites\/2\/2024\/05\/ibiza-2-scaled-1-576x379.jpg 576w, https:\/\/test.superyachtchartermallorca.com\/wp-content\/uploads\/sites\/2\/2024\/05\/ibiza-2-scaled-1-768x505.jpg 768w, https:\/\/test.superyachtchartermallorca.com\/wp-content\/uploads\/sites\/2\/2024\/05\/ibiza-2-scaled-1-1536x1010.jpg 1536w, https:\/\/test.superyachtchartermallorca.com\/wp-content\/uploads\/sites\/2\/2024\/05\/ibiza-2-scaled-1-2048x1346.jpg 2048w, https:\/\/test.superyachtchartermallorca.com\/wp-content\/uploads\/sites\/2\/2024\/05\/ibiza-2-scaled-1-1900x1249.jpg 1900w\" sizes=\"(max-width: 2560px) 100vw, 2560px\" \/>\t\t\t\t\t\t\t\t\t\t\t\t\t\t\t<\/div>\n\t\t\t\t<\/div>\n\t\t<div class=\"elementor-element elementor-element-a27ebed e-flex e-con-boxed e-con e-child\" data-id=\"a27ebed\" data-element_type=\"container\" data-settings=\"{&quot;position&quot;:&quot;absolute&quot;}\">\n\t\t\t\t\t<div class=\"e-con-inner\">\n\t\t\t\t<div class=\"elementor-element elementor-element-f037797 elementor-widget__width-initial elementor-widget elementor-widget-heading\" data-id=\"f037797\" data-element_type=\"widget\" data-widget_type=\"heading.default\">\n\t\t\t\t<div class=\"elementor-widget-container\">\n\t\t\t\t\t<h1 class=\"elementor-heading-title elementor-size-default\">Legal Notice<\/h1>\t\t\t\t<\/div>\n\t\t\t\t<\/div>\n\t\t\t\t\t<\/div>\n\t\t\t\t<\/div>\n\t\t\t\t<\/div>\n\t\t<div class=\"elementor-element elementor-element-317a357 e-flex e-con-boxed e-con e-parent\" data-id=\"317a357\" data-element_type=\"container\">\n\t\t\t\t\t<div class=\"e-con-inner\">\n\t\t\t\t<div class=\"elementor-element elementor-element-8f31e91 elementor-widget__width-initial elementor-widget elementor-widget-text-editor\" data-id=\"8f31e91\" data-element_type=\"widget\" data-widget_type=\"text-editor.default\">\n\t\t\t\t<div class=\"elementor-widget-container\">\n\t\t\t\t\t\t\t\t\t<p>Informaci\u00f3n relativa al cumplimiento del art\u00edculo 10 de la LSSICE<\/p><p>TITULAR:\u00a0Charter&amp;Dreams Yacht Services S.L.<br \/>NIF:\u00a0B65250441<br \/>DIRECCI\u00d3N:\u00a0Passeig Joan de Borb\u00f3 80-84, local 2 08039 Barcelona<\/p><p>Protecci\u00f3n de datos personales<\/p><p>Los datos de car\u00e1cter personal que se recogen a trav\u00e9s de la p\u00e1gina web, son \u00fanicamente utilizados a efectos de prestar los servicios solicitados as\u00ed como proceder a la facturaci\u00f3n de los mismos. Sus datos ser\u00e1n ubicados en ficheros titularidad de Charter&amp;Dreams Yacht Services S.L. a efectos de facturaci\u00f3n y ser\u00e1n archivados por el periodo de tiempo legalmente necesario. Usted podr\u00e1 ejercer los derechos de acceso, rectificaci\u00f3n, cancelaci\u00f3n y oposici\u00f3n por escrito a Charter&amp;Dreams Yacht Services S.L.en Passeig Joan de Borb\u00f3 80-84 local 2 08039, Barcelona.<\/p><p>Propiedad intelectual y responsabilidad sobre los contenidos<\/p><p>Queda prohibido cualquier uso de todos los contenidos de la p\u00e1gina web, concretamente sobre los textos, dise\u00f1o y c\u00f3digo fuente, sin la autorizaci\u00f3n expresa de sus titulares. Cualquier uso no permitido ser\u00e1 debidamente perseguido por los leg\u00edtimos propietarios.<\/p><p>El titular de la p\u00e1gina web no se hace responsable de los contenidos a los que se dirigen los enlaces ubicados en \u00e9sta, seg\u00fan lo que establece el art\u00edculo 17 de la LSSICE.<\/p>\t\t\t\t\t\t\t\t<\/div>\n\t\t\t\t<\/div>\n\t\t\t\t\t<\/div>\n\t\t\t\t<\/div>\n\t\t\t\t<\/div>\n\t\t","protected":false},"excerpt":{"rendered":"<p>Legal Notice Informaci\u00f3n relativa al cumplimiento del art\u00edculo 10 de la LSSICE TITULAR:\u00a0Charter&amp;Dreams Yacht Services S.L.NIF:\u00a0B65250441DIRECCI\u00d3N:\u00a0Passeig Joan de Borb\u00f3 80-84, local 2 08039 Barcelona Protecci\u00f3n de datos personales Los datos de car\u00e1cter personal que se recogen a trav\u00e9s de la p\u00e1gina web, son \u00fanicamente utilizados a efectos de prestar los servicios solicitados as\u00ed como proceder [&hellip;]<\/p>\n","protected":false},"author":2,"featured_media":0,"parent":0,"menu_order":0,"comment_status":"closed","ping_status":"closed","template":"","meta":{"_acf_changed":false,"_joinchat":[],"footnotes":""},"class_list":["post-314","page","type-page","status-publish","hentry"],"acf":[],"_links":{"self":[{"href":"https:\/\/test.superyachtchartermallorca.com\/en\/wp-json\/wp\/v2\/pages\/314","targetHints":{"allow":["GET"]}}],"collection":[{"href":"https:\/\/test.superyachtchartermallorca.com\/en\/wp-json\/wp\/v2\/pages"}],"about":[{"href":"https:\/\/test.superyachtchartermallorca.com\/en\/wp-json\/wp\/v2\/types\/page"}],"author":[{"embeddable":true,"href":"https:\/\/test.superyachtchartermallorca.com\/en\/wp-json\/wp\/v2\/users\/2"}],"replies":[{"embeddable":true,"href":"https:\/\/test.superyachtchartermallorca.com\/en\/wp-json\/wp\/v2\/comments?post=314"}],"version-history":[{"count":7,"href":"https:\/\/test.superyachtchartermallorca.com\/en\/wp-json\/wp\/v2\/pages\/314\/revisions"}],"predecessor-version":[{"id":2089,"href":"https:\/\/test.superyachtchartermallorca.com\/en\/wp-json\/wp\/v2\/pages\/314\/revisions\/2089"}],"wp:attachment":[{"href":"https:\/\/test.superyachtchartermallorca.com\/en\/wp-json\/wp\/v2\/media?parent=314"}],"curies":[{"name":"wp","href":"https:\/\/api.w.org\/{rel}","templated":true}]}}