{"id":332,"date":"2024-05-24T11:07:59","date_gmt":"2024-05-24T09:07:59","guid":{"rendered":"https:\/\/test.superyachtchartermallorca.com\/?page_id=332"},"modified":"2025-01-03T13:20:51","modified_gmt":"2025-01-03T11:20:51","slug":"cookies-policy","status":"publish","type":"page","link":"https:\/\/test.superyachtchartermallorca.com\/es\/cookies-policy\/","title":{"rendered":"Pol\u00edtica de Cookies"},"content":{"rendered":"\t\t<div data-elementor-type=\"wp-page\" data-elementor-id=\"332\" class=\"elementor elementor-332 elementor-322\" data-elementor-post-type=\"page\">\n\t\t\t\t<div class=\"elementor-element elementor-element-fc13c6d e-con-full e-flex e-con e-parent\" data-id=\"fc13c6d\" data-element_type=\"container\" data-settings=\"{&quot;background_background&quot;:&quot;classic&quot;}\">\n\t\t\t\t<div class=\"elementor-element elementor-element-7b47bc4 elementor-widget elementor-widget-image\" data-id=\"7b47bc4\" data-element_type=\"widget\" data-widget_type=\"image.default\">\n\t\t\t\t<div class=\"elementor-widget-container\">\n\t\t\t\t\t\t\t\t\t\t\t\t\t\t\t<img fetchpriority=\"high\" decoding=\"async\" width=\"2560\" height=\"1683\" src=\"https:\/\/test.superyachtchartermallorca.com\/wp-content\/uploads\/sites\/2\/2025\/01\/ibiza-2-scaled-1.jpg\" class=\"attachment-full size-full wp-image-2078\" alt=\"\" srcset=\"https:\/\/test.superyachtchartermallorca.com\/wp-content\/uploads\/sites\/2\/2025\/01\/ibiza-2-scaled-1.jpg 2560w, https:\/\/test.superyachtchartermallorca.com\/wp-content\/uploads\/sites\/2\/2025\/01\/ibiza-2-scaled-1-992x652.jpg 992w, https:\/\/test.superyachtchartermallorca.com\/wp-content\/uploads\/sites\/2\/2025\/01\/ibiza-2-scaled-1-1550x1019.jpg 1550w, https:\/\/test.superyachtchartermallorca.com\/wp-content\/uploads\/sites\/2\/2025\/01\/ibiza-2-scaled-1-576x379.jpg 576w, https:\/\/test.superyachtchartermallorca.com\/wp-content\/uploads\/sites\/2\/2025\/01\/ibiza-2-scaled-1-768x505.jpg 768w, https:\/\/test.superyachtchartermallorca.com\/wp-content\/uploads\/sites\/2\/2025\/01\/ibiza-2-scaled-1-1536x1010.jpg 1536w, https:\/\/test.superyachtchartermallorca.com\/wp-content\/uploads\/sites\/2\/2025\/01\/ibiza-2-scaled-1-2048x1346.jpg 2048w, https:\/\/test.superyachtchartermallorca.com\/wp-content\/uploads\/sites\/2\/2025\/01\/ibiza-2-scaled-1-1900x1249.jpg 1900w\" sizes=\"(max-width: 2560px) 100vw, 2560px\" \/>\t\t\t\t\t\t\t\t\t\t\t\t\t\t\t<\/div>\n\t\t\t\t<\/div>\n\t\t<div class=\"elementor-element elementor-element-1b20b13 e-flex e-con-boxed e-con e-child\" data-id=\"1b20b13\" data-element_type=\"container\" data-settings=\"{&quot;position&quot;:&quot;absolute&quot;}\">\n\t\t\t\t\t<div class=\"e-con-inner\">\n\t\t\t\t<div class=\"elementor-element elementor-element-205f5a8 elementor-widget__width-initial elementor-widget elementor-widget-heading\" data-id=\"205f5a8\" data-element_type=\"widget\" data-widget_type=\"heading.default\">\n\t\t\t\t<div class=\"elementor-widget-container\">\n\t\t\t\t\t<h1 class=\"elementor-heading-title elementor-size-default\">Pol\u00edtica de Cookies<\/h1>\t\t\t\t<\/div>\n\t\t\t\t<\/div>\n\t\t\t\t\t<\/div>\n\t\t\t\t<\/div>\n\t\t\t\t<\/div>\n\t\t<div class=\"elementor-element elementor-element-4a67526 e-flex e-con-boxed e-con e-parent\" data-id=\"4a67526\" data-element_type=\"container\">\n\t\t\t\t\t<div class=\"e-con-inner\">\n\t\t\t\t<div class=\"elementor-element elementor-element-901f5ce elementor-widget__width-initial elementor-widget elementor-widget-text-editor\" data-id=\"901f5ce\" data-element_type=\"widget\" data-widget_type=\"text-editor.default\">\n\t\t\t\t<div class=\"elementor-widget-container\">\n\t\t\t\t\t\t\t\t\t<p>Una cookie es un fichero que se descarga en el dispositivo del usuario al acceder a determinadas p\u00e1ginas web para almacenar y recuperar informaci\u00f3n sobre la navegaci\u00f3n que se efect\u00faa desde dicho equipo. Las cookies permiten, entre otras cosas, almacenar y recuperar informaci\u00f3n sobre los h\u00e1bitos y configuraci\u00f3n del usuario.<\/p><p>Charter&amp;Dreams utiliza cookies para personalizar y mejorar la experiencia del usuario, al identificar y recordar las preferencias del usuario, incluyendo su registro y facilitar la navegaci\u00f3n.<\/p><p>El usuario puede negarse a aceptar cookies activando la configuraci\u00f3n en su navegador. No obstante, si selecciona esta configuraci\u00f3n, cabe la posibilidad de que no se pueda acceder a determinadas p\u00e1ginas o servicios de la aplicaci\u00f3n.<\/p><p>Charter&amp;Dreams utiliza en el Sitio Web las siguientes cookies que se detallan a continuaci\u00f3n:<\/p><ul><li>Cookies estrictamente necesarias para la prestaci\u00f3n de determinados servicios solicitados expresamente por el usuario y que pueden servir para una correcta navegaci\u00f3n o que sirven para asegurar que el contenido de un Sitio Web se carga eficazmente, en caso de desactivarse el usuario no podr\u00e1 recibir correctamente los servicios y contenidos establecidos.<\/li><li>Cookies propias, son aquellas que se env\u00edan al equipo terminal del usuario desde un equipo o dominio gestionado por el propio editor y desde el que se presta el servicio solicitado por el usuario.<\/li><li>Cookies de an\u00e1lisis, para el seguimiento y recopilaci\u00f3n de datos estad\u00edsticos de la actividad, con el prop\u00f3sito de garantizar el mejor servicio al usuario.<\/li><li>Cookies de sesi\u00f3n, est\u00e1n dise\u00f1adas para recabar y almacenar datos mientras el usuario accede a una p\u00e1gina web.<\/li><\/ul><p>\u00a0<\/p><p><u><strong>Cookies utilizadas:<\/strong><\/u><\/p><p><strong>1P_JAR<\/strong>: Cookies pertenecientes a Google Maps.<\/p><p><strong>PHPSESSID<\/strong>: Cookies utilizadas para el inicio de sesi\u00f3n por parte del usuario.<\/p><p><strong>_ga<\/strong>: Cookies pertenecientes a Google Analytics.<\/p><p>\u00a0<\/p><p>La mayor\u00eda de navegadores actualmente permiten al Usuario configurar si desean aceptar cookies y cu\u00e1les de ellas. El usuario que desee deshabilitar las cookies puede hacerlo desde la secci\u00f3n de preferencias de su navegador de Internet. Estos ajustes normalmente se encuentran en las \u00abopciones\u00bb o \u00abPreferencias\u00bb del men\u00fa de su navegador: Chrome, Explorer, Firefox, Safari.<\/p><p>Estas son las instrucciones para configurar las cookies en los principales navegadores:<\/p><p><strong>Chrome<\/strong>: Configuraci\u00f3n -&gt; Mostrar opciones avanzadas -&gt; Privacidad -&gt; Configuraci\u00f3n de contenido.<\/p><p>Para m\u00e1s informaci\u00f3n, puede consultar el soporte de Google o la Ayuda del navegador, desde\u00a0<a href=\"http:\/\/support.google.com\/chrome\/bin\/answer.py?hl=es&amp;answer=95647\">http:\/\/support.google.com\/chrome\/bin\/answer.py?hl=es&amp;answer=95647<\/a><\/p><p>\u00a0<\/p><p><strong>Internet Explorer<\/strong>: Herramientas -&gt; Opciones de Internet -&gt; Privacidad -&gt; Configuraci\u00f3n.<\/p><p>Para m\u00e1s informaci\u00f3n, puede consultar el soporte de Microsoft o la Ayuda del navegador, desde\u00a0<a href=\"http:\/\/windows.microsoft.com\/es-es\/windows7\/how-to-manage-cookies-in-internet-explorer-9\" target=\"_blank\" rel=\"noopener\">http:\/\/windows.microsoft.com\/es-es\/windows7\/how-to-manage-cookies-in-internet-explorer-9<\/a>.<\/p><p>\u00a0<\/p><p><strong>Firefox:<\/strong>\u00a0Herramientas -&gt; Opciones -&gt; Privacidad -&gt; Historial -&gt; Configuraci\u00f3n Personalizada.<\/p><p>Para m\u00e1s informaci\u00f3n, puede consultar el soporte de Mozilla o la Ayuda del navegador, desde\u00a0<a href=\"https:\/\/support.mozilla.org\/es\/kb\/habilitar-y-deshabilitar-cookies-sitios-web-rastrear-preferencias?redirectlocale=es&amp;redirectslug=habilitar-y-deshabilitar-cookies-que-los-sitios-we\">https:\/\/support.mozilla.org\/es\/kb\/habilitar-y-deshabilitar-cookies-sitios-web-rastrear-preferencias?redirectlocale=es&amp;redirectslug=habilitar-y-deshabilitar-cookies-que-los-sitios-we<\/a><\/p><p>\u00a0<\/p><p><strong>Safari<\/strong>: Preferencias -&gt; Seguridad.<\/p><p>Para m\u00e1s informaci\u00f3n, puede consultar el soporte de Apple o la Ayuda del navegador, desde\u00a0<a href=\"http:\/\/support.apple.com\/kb\/ph5042\" target=\"_blank\" rel=\"noopener\">http:\/\/support.apple.com\/kb\/ph5042<\/a>.<\/p><p>\u00a0<\/p><p>En caso de dudas o precisar ayuda, el Usuario puede ponerse en contacto con nosotros a trav\u00e9s de la siguiente direcci\u00f3n:\u00a0<a href=\"mailto:info@charteranddreams.com\">info@charteranddreams.com<\/a>. \u00a0<\/p>\t\t\t\t\t\t\t\t<\/div>\n\t\t\t\t<\/div>\n\t\t\t\t\t<\/div>\n\t\t\t\t<\/div>\n\t\t\t\t<\/div>\n\t\t","protected":false},"excerpt":{"rendered":"<p>Pol\u00edtica de Cookies Una cookie es un fichero que se descarga en el dispositivo del usuario al acceder a determinadas p\u00e1ginas web para almacenar y recuperar informaci\u00f3n sobre la navegaci\u00f3n que se efect\u00faa desde dicho equipo. Las cookies permiten, entre otras cosas, almacenar y recuperar informaci\u00f3n sobre los h\u00e1bitos y configuraci\u00f3n del usuario. Charter&amp;Dreams utiliza [&hellip;]<\/p>\n","protected":false},"author":2,"featured_media":0,"parent":0,"menu_order":0,"comment_status":"closed","ping_status":"closed","template":"","meta":{"_acf_changed":false,"_joinchat":[],"footnotes":""},"class_list":["post-332","page","type-page","status-publish","hentry"],"acf":[],"_links":{"self":[{"href":"https:\/\/test.superyachtchartermallorca.com\/es\/wp-json\/wp\/v2\/pages\/332","targetHints":{"allow":["GET"]}}],"collection":[{"href":"https:\/\/test.superyachtchartermallorca.com\/es\/wp-json\/wp\/v2\/pages"}],"about":[{"href":"https:\/\/test.superyachtchartermallorca.com\/es\/wp-json\/wp\/v2\/types\/page"}],"author":[{"embeddable":true,"href":"https:\/\/test.superyachtchartermallorca.com\/es\/wp-json\/wp\/v2\/users\/2"}],"replies":[{"embeddable":true,"href":"https:\/\/test.superyachtchartermallorca.com\/es\/wp-json\/wp\/v2\/comments?post=332"}],"version-history":[{"count":7,"href":"https:\/\/test.superyachtchartermallorca.com\/es\/wp-json\/wp\/v2\/pages\/332\/revisions"}],"predecessor-version":[{"id":2086,"href":"https:\/\/test.superyachtchartermallorca.com\/es\/wp-json\/wp\/v2\/pages\/332\/revisions\/2086"}],"wp:attachment":[{"href":"https:\/\/test.superyachtchartermallorca.com\/es\/wp-json\/wp\/v2\/media?parent=332"}],"curies":[{"name":"wp","href":"https:\/\/api.w.org\/{rel}","templated":true}]}}